{"id":7,"date":"2025-12-18T15:43:23","date_gmt":"2025-12-18T15:43:23","guid":{"rendered":"http:\/\/pancir.eu\/?page_id=7"},"modified":"2026-01-31T10:09:38","modified_gmt":"2026-01-31T10:09:38","slug":"o-nas","status":"publish","type":"page","link":"https:\/\/pancir.eu\/?page_id=7","title":{"rendered":"Kontakt"},"content":{"rendered":"\n<div class=\"wp-block-group alignwide has-global-padding is-layout-constrained wp-container-core-group-is-layout-490fa1db wp-block-group-is-layout-constrained\" style=\"padding-top:var(--wp--preset--spacing--50);padding-right:var(--wp--preset--spacing--50);padding-bottom:var(--wp--preset--spacing--50);padding-left:var(--wp--preset--spacing--50)\">\n<div class=\"wp-block-group has-global-padding is-layout-constrained wp-container-core-group-is-layout-650790e1 wp-block-group-is-layout-constrained\">\n<h2 class=\"wp-block-heading alignwide has-text-align-center has-x-large-font-size\">Vzd\u011bl\u00e1v\u00e1n\u00ed, prevence a \u0161kolen\u00ed pedagog\u016f<\/h2>\n\n\n\n<div style=\"height:1.25rem\" aria-hidden=\"true\" class=\"wp-block-spacer\"><\/div>\n\n\n\n<p class=\"has-text-align-center\">Bc. Ladislav Horv\u00e1th<\/p>\n\n\n\n<p class=\"has-text-align-center\"><a href=\"tel:00420603274312\">+420 603 274 312<br><\/a><a href=\"mailto:horvath.prevence@seznam.cz\">horvath.prevence@seznam.cz<\/a><\/p>\n<\/div>\n\n\n\n<h2 class=\"wp-block-heading has-text-align-center\">Box, volno\u010dasov\u00e9 aktivity<\/h2>\n\n\n\n<p class=\"has-text-align-center\">Miroslav Proch\u00e1zka<br><a href=\"tel:00420775205030\">+420 775 205 030<\/a><\/p>\n\n\n\n<div class=\"wp-block-group has-global-padding is-layout-constrained wp-container-core-group-is-layout-650790e1 wp-block-group-is-layout-constrained\">\n<div style=\"height:1.25rem\" aria-hidden=\"true\" class=\"wp-block-spacer\"><\/div>\n\n\n\n<div class=\"wp-block-buttons is-content-justification-center is-layout-flex wp-container-core-buttons-is-layout-a89b3969 wp-block-buttons-is-layout-flex\"><\/div>\n<\/div>\n\n\n\n<div style=\"height:var(--wp--preset--spacing--30)\" aria-hidden=\"true\" class=\"wp-block-spacer\"><\/div>\n<\/div>\n\n\n\n<p><\/p>\n","protected":false},"excerpt":{"rendered":"<p>Vzd\u011bl\u00e1v\u00e1n\u00ed, prevence a \u0161kolen\u00ed pedagog\u016f Bc. Ladislav Horv\u00e1th +420 603 274 312horvath.prevence@seznam.cz Box, volno\u010dasov\u00e9 aktivity Miroslav Proch\u00e1zka+420 775 205 030<\/p>\n","protected":false},"author":1,"featured_media":0,"parent":0,"menu_order":0,"comment_status":"closed","ping_status":"closed","template":"","meta":{"footnotes":""},"class_list":["post-7","page","type-page","status-publish","hentry"],"_links":{"self":[{"href":"https:\/\/pancir.eu\/index.php?rest_route=\/wp\/v2\/pages\/7","targetHints":{"allow":["GET"]}}],"collection":[{"href":"https:\/\/pancir.eu\/index.php?rest_route=\/wp\/v2\/pages"}],"about":[{"href":"https:\/\/pancir.eu\/index.php?rest_route=\/wp\/v2\/types\/page"}],"author":[{"embeddable":true,"href":"https:\/\/pancir.eu\/index.php?rest_route=\/wp\/v2\/users\/1"}],"replies":[{"embeddable":true,"href":"https:\/\/pancir.eu\/index.php?rest_route=%2Fwp%2Fv2%2Fcomments&post=7"}],"version-history":[{"count":5,"href":"https:\/\/pancir.eu\/index.php?rest_route=\/wp\/v2\/pages\/7\/revisions"}],"predecessor-version":[{"id":53,"href":"https:\/\/pancir.eu\/index.php?rest_route=\/wp\/v2\/pages\/7\/revisions\/53"}],"wp:attachment":[{"href":"https:\/\/pancir.eu\/index.php?rest_route=%2Fwp%2Fv2%2Fmedia&parent=7"}],"curies":[{"name":"wp","href":"https:\/\/api.w.org\/{rel}","templated":true}]}}