{"id":11,"date":"2025-12-18T15:57:44","date_gmt":"2025-12-18T15:57:44","guid":{"rendered":"http:\/\/pancir.eu\/?page_id=11"},"modified":"2026-01-21T16:28:06","modified_gmt":"2026-01-21T16:28:06","slug":"prevence","status":"publish","type":"page","link":"https:\/\/pancir.eu\/?page_id=11","title":{"rendered":"Prevence"},"content":{"rendered":"\n<div class=\"wp-block-group alignfull has-accent-5-background-color has-background has-global-padding is-layout-constrained wp-container-core-group-is-layout-d89aad35 wp-block-group-is-layout-constrained\" style=\"margin-top:0;margin-bottom:0;padding-top:var(--wp--preset--spacing--50);padding-right:var(--wp--preset--spacing--50);padding-bottom:var(--wp--preset--spacing--50);padding-left:var(--wp--preset--spacing--50)\">\n<div class=\"wp-block-columns alignwide is-layout-flex wp-container-core-columns-is-layout-1da03c2a wp-block-columns-is-layout-flex\">\n<div class=\"wp-block-column is-vertically-aligned-center is-layout-flow wp-block-column-is-layout-flow\" style=\"flex-basis:60%\">\n<figure class=\"wp-block-image size-full is-style-rounded is-style-rounded--1\"><img loading=\"lazy\" decoding=\"async\" width=\"1600\" height=\"900\" src=\"http:\/\/pancir.eu\/wp-content\/uploads\/2026\/01\/427a6ef6-5f71-4637-b30c-553bf632fc15.jpg\" alt=\"\" class=\"wp-image-31\" srcset=\"https:\/\/pancir.eu\/wp-content\/uploads\/2026\/01\/427a6ef6-5f71-4637-b30c-553bf632fc15.jpg 1600w, https:\/\/pancir.eu\/wp-content\/uploads\/2026\/01\/427a6ef6-5f71-4637-b30c-553bf632fc15-300x169.jpg 300w, https:\/\/pancir.eu\/wp-content\/uploads\/2026\/01\/427a6ef6-5f71-4637-b30c-553bf632fc15-1024x576.jpg 1024w, https:\/\/pancir.eu\/wp-content\/uploads\/2026\/01\/427a6ef6-5f71-4637-b30c-553bf632fc15-768x432.jpg 768w, https:\/\/pancir.eu\/wp-content\/uploads\/2026\/01\/427a6ef6-5f71-4637-b30c-553bf632fc15-1536x864.jpg 1536w\" sizes=\"auto, (max-width: 1600px) 100vw, 1600px\" \/><\/figure>\n<\/div>\n\n\n\n<div class=\"wp-block-column is-layout-flow wp-block-column-is-layout-flow\" style=\"flex-basis:40%\">\n<h2 class=\"wp-block-heading\">Bezpe\u010dnost, vzd\u011bl\u00e1v\u00e1n\u00ed a zvl\u00e1d\u00e1n\u00ed krizov\u00fdch situac\u00ed<\/h2>\n\n\n\n<p>Prevence je kl\u00ed\u010dovou oblast\u00ed na\u0161\u00ed \u010dinnosti. Zam\u011b\u0159ujeme se na <strong>zvy\u0161ov\u00e1n\u00ed p\u0159ipravenosti \u0161kol, pedagog\u016f i d\u011bt\u00ed na mimo\u0159\u00e1dn\u00e9 a krizov\u00e9 situace<\/strong> a na posilov\u00e1n\u00ed pocitu bezpe\u010d\u00ed ve \u0161koln\u00edm prost\u0159ed\u00ed.<\/p>\n\n\n\n<p>Vych\u00e1z\u00edme ze zku\u0161enost\u00ed odborn\u00edk\u016f z oblasti \u0161koln\u00ed bezpe\u010dnosti, krizov\u00e9 intervence, Policie \u010cR i Arm\u00e1dy \u010cR a propojujeme teorii s prax\u00ed.<\/p>\n<\/div>\n<\/div>\n<\/div>\n\n\n\n<div class=\"wp-block-group alignfull has-global-padding is-content-justification-center is-layout-constrained wp-container-core-group-is-layout-7aee4b89 wp-block-group-is-layout-constrained\" style=\"margin-top:0;margin-bottom:0;padding-top:var(--wp--preset--spacing--50);padding-right:var(--wp--preset--spacing--50);padding-bottom:var(--wp--preset--spacing--50);padding-left:var(--wp--preset--spacing--50)\">\n<div class=\"wp-block-columns alignwide is-layout-flex wp-container-core-columns-is-layout-ff4b9c61 wp-block-columns-is-layout-flex\" style=\"margin-top:0;margin-bottom:0\">\n<div class=\"wp-block-column is-layout-flow wp-container-core-column-is-layout-8a368f38 wp-block-column-is-layout-flow\">\n<figure class=\"wp-block-image size-large is-style-rounded is-style-rounded--2\"><img loading=\"lazy\" decoding=\"async\" width=\"576\" height=\"1024\" src=\"http:\/\/pancir.eu\/wp-content\/uploads\/2026\/01\/5fdebdb9-093c-42d1-bda5-72628dc9aec6-576x1024.jpg\" alt=\"\" class=\"wp-image-30\" style=\"aspect-ratio:4\/3;object-fit:cover\" srcset=\"https:\/\/pancir.eu\/wp-content\/uploads\/2026\/01\/5fdebdb9-093c-42d1-bda5-72628dc9aec6-576x1024.jpg 576w, https:\/\/pancir.eu\/wp-content\/uploads\/2026\/01\/5fdebdb9-093c-42d1-bda5-72628dc9aec6-169x300.jpg 169w, https:\/\/pancir.eu\/wp-content\/uploads\/2026\/01\/5fdebdb9-093c-42d1-bda5-72628dc9aec6-768x1365.jpg 768w, https:\/\/pancir.eu\/wp-content\/uploads\/2026\/01\/5fdebdb9-093c-42d1-bda5-72628dc9aec6-864x1536.jpg 864w, https:\/\/pancir.eu\/wp-content\/uploads\/2026\/01\/5fdebdb9-093c-42d1-bda5-72628dc9aec6.jpg 900w\" sizes=\"auto, (max-width: 576px) 100vw, 576px\" \/><\/figure>\n\n\n\n<div style=\"height:var(--wp--preset--spacing--50)\" aria-hidden=\"true\" class=\"wp-block-spacer\"><\/div>\n\n\n\n<figure class=\"wp-block-image size-large is-style-rounded is-style-rounded--3\"><img loading=\"lazy\" decoding=\"async\" width=\"1024\" height=\"576\" src=\"http:\/\/pancir.eu\/wp-content\/uploads\/2026\/01\/4985afe6-6fe6-461c-bd9f-984c1ce1d232-1024x576.jpg\" alt=\"\" class=\"wp-image-20\" style=\"aspect-ratio:3\/4;object-fit:cover\" srcset=\"https:\/\/pancir.eu\/wp-content\/uploads\/2026\/01\/4985afe6-6fe6-461c-bd9f-984c1ce1d232-1024x576.jpg 1024w, https:\/\/pancir.eu\/wp-content\/uploads\/2026\/01\/4985afe6-6fe6-461c-bd9f-984c1ce1d232-300x169.jpg 300w, https:\/\/pancir.eu\/wp-content\/uploads\/2026\/01\/4985afe6-6fe6-461c-bd9f-984c1ce1d232-768x432.jpg 768w, https:\/\/pancir.eu\/wp-content\/uploads\/2026\/01\/4985afe6-6fe6-461c-bd9f-984c1ce1d232-1536x864.jpg 1536w, https:\/\/pancir.eu\/wp-content\/uploads\/2026\/01\/4985afe6-6fe6-461c-bd9f-984c1ce1d232.jpg 1600w\" sizes=\"auto, (max-width: 1024px) 100vw, 1024px\" \/><\/figure>\n\n\n\n<div style=\"height:var(--wp--preset--spacing--50)\" aria-hidden=\"true\" class=\"wp-block-spacer\"><\/div>\n<\/div>\n\n\n\n<div class=\"wp-block-column is-layout-flow wp-container-core-column-is-layout-8a368f38 wp-block-column-is-layout-flow\">\n<div style=\"height:var(--wp--preset--spacing--50)\" aria-hidden=\"true\" class=\"wp-block-spacer\"><\/div>\n\n\n\n<figure class=\"wp-block-image size-large is-style-rounded is-style-rounded--4\"><img loading=\"lazy\" decoding=\"async\" width=\"1024\" height=\"576\" src=\"http:\/\/pancir.eu\/wp-content\/uploads\/2026\/01\/427a6ef6-5f71-4637-b30c-553bf632fc15-1024x576.jpg\" alt=\"\" class=\"wp-image-31\" style=\"aspect-ratio:3\/4;object-fit:cover\" srcset=\"https:\/\/pancir.eu\/wp-content\/uploads\/2026\/01\/427a6ef6-5f71-4637-b30c-553bf632fc15-1024x576.jpg 1024w, https:\/\/pancir.eu\/wp-content\/uploads\/2026\/01\/427a6ef6-5f71-4637-b30c-553bf632fc15-300x169.jpg 300w, https:\/\/pancir.eu\/wp-content\/uploads\/2026\/01\/427a6ef6-5f71-4637-b30c-553bf632fc15-768x432.jpg 768w, https:\/\/pancir.eu\/wp-content\/uploads\/2026\/01\/427a6ef6-5f71-4637-b30c-553bf632fc15-1536x864.jpg 1536w, https:\/\/pancir.eu\/wp-content\/uploads\/2026\/01\/427a6ef6-5f71-4637-b30c-553bf632fc15.jpg 1600w\" sizes=\"auto, (max-width: 1024px) 100vw, 1024px\" \/><\/figure>\n\n\n\n<div style=\"height:var(--wp--preset--spacing--50)\" aria-hidden=\"true\" class=\"wp-block-spacer\"><\/div>\n\n\n\n\n\n<div style=\"height:var(--wp--preset--spacing--50)\" aria-hidden=\"true\" class=\"wp-block-spacer\"><\/div>\n<\/div>\n\n\n\n<div class=\"wp-block-column is-layout-flow wp-container-core-column-is-layout-8a368f38 wp-block-column-is-layout-flow\">\n\n\n<div style=\"height:var(--wp--preset--spacing--50)\" aria-hidden=\"true\" class=\"wp-block-spacer\"><\/div>\n\n\n\n\n\n<div style=\"height:var(--wp--preset--spacing--50)\" aria-hidden=\"true\" class=\"wp-block-spacer\"><\/div>\n<\/div>\n<\/div>\n<\/div>\n\n\n\n<div class=\"wp-block-group alignfull has-global-padding is-layout-constrained wp-container-core-group-is-layout-669513ed wp-block-group-is-layout-constrained\" style=\"margin-top:0;margin-bottom:0;padding-top:var(--wp--preset--spacing--50);padding-right:var(--wp--preset--spacing--50);padding-bottom:var(--wp--preset--spacing--50);padding-left:var(--wp--preset--spacing--50)\">\n<div class=\"wp-block-group is-vertical is-content-justification-center is-layout-flex wp-container-core-group-is-layout-ce155fab wp-block-group-is-layout-flex\">\n<h2 class=\"wp-block-heading has-text-align-center has-xx-large-font-size\">Poznejte na\u0161e lektory<\/h2>\n\n\n\n<p class=\"has-text-align-center\">Our comprehensive suite of professionals caters to a diverse team, ranging from seasoned architects to renowned engineers.<\/p>\n<\/div>\n\n\n\n<div style=\"height:var(--wp--preset--spacing--30)\" aria-hidden=\"true\" class=\"wp-block-spacer\"><\/div>\n\n\n\n<div class=\"wp-block-columns alignwide is-layout-flex wp-container-core-columns-is-layout-4935966c wp-block-columns-is-layout-flex\" style=\"padding-right:0;padding-left:0\">\n<div class=\"wp-block-column is-layout-flow wp-block-column-is-layout-flow\">\n\n\n<div class=\"wp-block-group is-vertical is-content-justification-center is-nowrap is-layout-flex wp-container-core-group-is-layout-21d4e958 wp-block-group-is-layout-flex\">\n<p class=\"has-text-align-center has-small-font-size\">\n\t\t\t\t\t<strong>Francesca Piovani<\/strong>\n\t\t\t\t<\/p>\n\n\n\n<p class=\"has-text-align-center has-small-font-size\">Founder, CEO &amp; Architect<\/p>\n<\/div>\n<\/div>\n\n\n\n<div class=\"wp-block-column is-layout-flow wp-block-column-is-layout-flow\">\n\n\n<div class=\"wp-block-group is-vertical is-content-justification-center is-nowrap is-layout-flex wp-container-core-group-is-layout-63bfd6c1 wp-block-group-is-layout-flex\">\n<p class=\"has-text-align-center has-small-font-size\">\n\t\t\t\t\t<strong>Rhye Moore<\/strong>\n\t\t\t\t<\/p>\n\n\n\n<p class=\"has-text-align-center has-small-font-size\">Engineering Manager<\/p>\n<\/div>\n<\/div>\n\n\n\n<div class=\"wp-block-column is-layout-flow wp-block-column-is-layout-flow\">\n\n\n<div class=\"wp-block-group is-vertical is-content-justification-center is-nowrap is-layout-flex wp-container-core-group-is-layout-63bfd6c1 wp-block-group-is-layout-flex\">\n<p class=\"has-text-align-center has-small-font-size\">\n\t\t\t\t\t<strong>Helga Steiner<\/strong>\n\t\t\t\t<\/p>\n\n\n\n<p class=\"has-text-align-center has-small-font-size\">Architect<\/p>\n<\/div>\n<\/div>\n\n\n\n<div class=\"wp-block-column is-layout-flow wp-block-column-is-layout-flow\">\n\n\n<div class=\"wp-block-group is-vertical is-content-justification-center is-nowrap is-layout-flex wp-container-core-group-is-layout-21d4e958 wp-block-group-is-layout-flex\">\n<p class=\"has-text-align-center has-small-font-size\">\n\t\t\t\t\t<strong>Ivan Lawrence<\/strong>\n\t\t\t\t<\/p>\n\n\n\n<p class=\"has-text-align-center has-small-font-size\">Project Manager<\/p>\n<\/div>\n<\/div>\n<\/div>\n<\/div>\n\n\n\n<div class=\"wp-block-group alignfull has-global-padding is-layout-constrained wp-container-core-group-is-layout-d89aad35 wp-block-group-is-layout-constrained\" style=\"margin-top:0;margin-bottom:0;padding-top:var(--wp--preset--spacing--50);padding-right:var(--wp--preset--spacing--50);padding-bottom:var(--wp--preset--spacing--50);padding-left:var(--wp--preset--spacing--50)\">\n<div class=\"wp-block-columns alignwide are-vertically-aligned-center is-layout-flex wp-container-core-columns-is-layout-47c06fe3 wp-block-columns-is-layout-flex\">\n<div class=\"wp-block-column is-vertically-aligned-center is-layout-flow wp-block-column-is-layout-flow\" style=\"flex-basis:50%\">\n<h2 class=\"wp-block-heading\">Enhance your architectural journey with the \u00c9tudes Architect app.<\/h2>\n\n\n\n<ul style=\"line-height:1.75\" class=\"wp-block-list is-style-checkmark-list\">\n<li>Collaborate with fellow architects.<\/li>\n\n\n\n<li>Showcase your projects.<\/li>\n\n\n\n<li>Experience the world of architecture.<\/li>\n<\/ul>\n\n\n\n<div class=\"wp-block-buttons is-layout-flex wp-block-buttons-is-layout-flex\">\n<div class=\"wp-block-button\"><a class=\"wp-block-button__link wp-element-button\">Download app<\/a><\/div>\n\n\n\n<div class=\"wp-block-button is-style-outline is-style-outline--12\"><a class=\"wp-block-button__link wp-element-button\">How it works<\/a><\/div>\n<\/div>\n<\/div>\n\n\n\n<div class=\"wp-block-column is-vertically-aligned-center is-layout-flow wp-block-column-is-layout-flow\" style=\"flex-basis:50%\">\n<figure class=\"wp-block-image size-full is-style-rounded is-style-rounded--13\"><img decoding=\"async\" src=\"https:\/\/pancir.eu\/wp-content\/themes\/twentytwentyfour\/assets\/images\/abstract-geometric-art.webp\" alt=\"White abstract geometric artwork from Dresden, Germany\" style=\"aspect-ratio:4\/3;object-fit:cover\"\/><\/figure>\n<\/div>\n<\/div>\n<\/div>\n","protected":false},"excerpt":{"rendered":"<p>Bezpe\u010dnost, vzd\u011bl\u00e1v\u00e1n\u00ed a zvl\u00e1d\u00e1n\u00ed krizov\u00fdch situac\u00ed Prevence je kl\u00ed\u010dovou oblast\u00ed na\u0161\u00ed \u010dinnosti. Zam\u011b\u0159ujeme se na zvy\u0161ov\u00e1n\u00ed p\u0159ipravenosti \u0161kol, pedagog\u016f i d\u011bt\u00ed na mimo\u0159\u00e1dn\u00e9 a krizov\u00e9 situace a na posilov\u00e1n\u00ed pocitu bezpe\u010d\u00ed ve \u0161koln\u00edm prost\u0159ed\u00ed. Vych\u00e1z\u00edme ze zku\u0161enost\u00ed odborn\u00edk\u016f z oblasti \u0161koln\u00ed bezpe\u010dnosti, krizov\u00e9 intervence, Policie \u010cR i Arm\u00e1dy \u010cR a propojujeme teorii s prax\u00ed. Poznejte [&hellip;]<\/p>\n","protected":false},"author":1,"featured_media":0,"parent":0,"menu_order":0,"comment_status":"closed","ping_status":"closed","template":"","meta":{"footnotes":""},"class_list":["post-11","page","type-page","status-publish","hentry"],"_links":{"self":[{"href":"https:\/\/pancir.eu\/index.php?rest_route=\/wp\/v2\/pages\/11","targetHints":{"allow":["GET"]}}],"collection":[{"href":"https:\/\/pancir.eu\/index.php?rest_route=\/wp\/v2\/pages"}],"about":[{"href":"https:\/\/pancir.eu\/index.php?rest_route=\/wp\/v2\/types\/page"}],"author":[{"embeddable":true,"href":"https:\/\/pancir.eu\/index.php?rest_route=\/wp\/v2\/users\/1"}],"replies":[{"embeddable":true,"href":"https:\/\/pancir.eu\/index.php?rest_route=%2Fwp%2Fv2%2Fcomments&post=11"}],"version-history":[{"count":5,"href":"https:\/\/pancir.eu\/index.php?rest_route=\/wp\/v2\/pages\/11\/revisions"}],"predecessor-version":[{"id":42,"href":"https:\/\/pancir.eu\/index.php?rest_route=\/wp\/v2\/pages\/11\/revisions\/42"}],"wp:attachment":[{"href":"https:\/\/pancir.eu\/index.php?rest_route=%2Fwp%2Fv2%2Fmedia&parent=11"}],"curies":[{"name":"wp","href":"https:\/\/api.w.org\/{rel}","templated":true}]}}