{"id":10,"date":"2025-12-18T15:57:29","date_gmt":"2025-12-18T15:57:29","guid":{"rendered":"http:\/\/pancir.eu\/?page_id=10"},"modified":"2026-03-15T08:29:59","modified_gmt":"2026-03-15T08:29:59","slug":"box","status":"publish","type":"page","link":"https:\/\/pancir.eu\/?page_id=10","title":{"rendered":"Box"},"content":{"rendered":"\n<div class=\"wp-block-group alignfull has-global-padding is-layout-constrained wp-container-core-group-is-layout-490fa1db wp-block-group-is-layout-constrained\" style=\"padding-top:var(--wp--preset--spacing--50);padding-right:var(--wp--preset--spacing--50);padding-bottom:var(--wp--preset--spacing--50);padding-left:var(--wp--preset--spacing--50)\">\n<div class=\"wp-block-group has-global-padding is-layout-constrained wp-container-core-group-is-layout-650790e1 wp-block-group-is-layout-constrained\">\n<h1 class=\"wp-block-heading has-text-align-center has-x-large-font-size\">Panc\u00ed\u0159 Boxing<\/h1>\n\n\n\n<div style=\"height:1.25rem\" aria-hidden=\"true\" class=\"wp-block-spacer\"><\/div>\n\n\n\n<p class=\"has-text-align-center\">Jsme nov\u011b vznikl\u00fd, pln\u011b registrovan\u00fd boxersk\u00fd klub pod \u010ceskou Boxerskou Asociac\u00ed (\u010cBA). Nejsme amat\u00e9rsk\u00e1 t\u011blocvi\u010dna, jsme ofici\u00e1ln\u00ed boxersk\u00fd t\u00fdm, kter\u00fd se pravideln\u011b \u00fa\u010dastn\u00ed n\u00e1rodn\u00ed ligy pod veden\u00edm licencovan\u00fdch tren\u00e9r\u016f.<\/p>\n<\/div>\n\n\n\n<p class=\"has-text-align-center\">Po, St, P\u00e1     16:30 &#8211; 18:00<br>T\u011blocvi\u010dna EDEN, <a href=\"https:\/\/maps.app.goo.gl\/brwYntMVzMhfSWky6\">ul. Pol\u00e1\u010dkova 1, \u00dast\u00ed nad Labem &#8211; Dob\u011btice<\/a><\/p>\n\n\n\n<div class=\"wp-block-group has-global-padding is-layout-constrained wp-container-core-group-is-layout-650790e1 wp-block-group-is-layout-constrained\">\n<div style=\"height:1.25rem\" aria-hidden=\"true\" class=\"wp-block-spacer\"><\/div>\n\n\n\n<div style=\"height:var(--wp--preset--spacing--30)\" aria-hidden=\"true\" class=\"wp-block-spacer\"><\/div>\n<\/div>\n\n\n\n<figure class=\"wp-block-image alignwide size-full is-style-rounded is-style-rounded--1\"><img loading=\"lazy\" decoding=\"async\" width=\"1536\" height=\"1024\" src=\"https:\/\/pancir.eu\/wp-content\/uploads\/2026\/01\/b842763f-d6f5-430f-9484-30e3c316a0eb.jpg\" alt=\"\" class=\"wp-image-55\" srcset=\"https:\/\/pancir.eu\/wp-content\/uploads\/2026\/01\/b842763f-d6f5-430f-9484-30e3c316a0eb.jpg 1536w, https:\/\/pancir.eu\/wp-content\/uploads\/2026\/01\/b842763f-d6f5-430f-9484-30e3c316a0eb-300x200.jpg 300w, https:\/\/pancir.eu\/wp-content\/uploads\/2026\/01\/b842763f-d6f5-430f-9484-30e3c316a0eb-1024x683.jpg 1024w, https:\/\/pancir.eu\/wp-content\/uploads\/2026\/01\/b842763f-d6f5-430f-9484-30e3c316a0eb-768x512.jpg 768w\" sizes=\"auto, (max-width: 1536px) 100vw, 1536px\" \/><\/figure>\n<\/div>\n\n\n\n<p>Statut\u00e1rn\u00ed m\u011bsto \u00dast\u00ed nad Labem podpo\u0159ilo ve form\u011b E-\u0161ek\u016f sportovn\u00ed sekci Panc\u00ed\u0159 Boxing finan\u010dn\u00ed \u010d\u00e1stkou ve v\u00fd\u0161i 67218,-K\u010d pro rok 2026, d\u011bkujeme. <\/p>\n","protected":false},"excerpt":{"rendered":"<p>Panc\u00ed\u0159 Boxing Jsme nov\u011b vznikl\u00fd, pln\u011b registrovan\u00fd boxersk\u00fd klub pod \u010ceskou Boxerskou Asociac\u00ed (\u010cBA). Nejsme amat\u00e9rsk\u00e1 t\u011blocvi\u010dna, jsme ofici\u00e1ln\u00ed boxersk\u00fd t\u00fdm, kter\u00fd se pravideln\u011b \u00fa\u010dastn\u00ed n\u00e1rodn\u00ed ligy pod veden\u00edm licencovan\u00fdch tren\u00e9r\u016f. Po, St, P\u00e1 16:30 &#8211; 18:00T\u011blocvi\u010dna EDEN, ul. Pol\u00e1\u010dkova 1, \u00dast\u00ed nad Labem &#8211; Dob\u011btice Statut\u00e1rn\u00ed m\u011bsto \u00dast\u00ed nad Labem podpo\u0159ilo ve form\u011b E-\u0161ek\u016f [&hellip;]<\/p>\n","protected":false},"author":1,"featured_media":0,"parent":0,"menu_order":0,"comment_status":"closed","ping_status":"closed","template":"","meta":{"footnotes":""},"class_list":["post-10","page","type-page","status-publish","hentry"],"_links":{"self":[{"href":"https:\/\/pancir.eu\/index.php?rest_route=\/wp\/v2\/pages\/10","targetHints":{"allow":["GET"]}}],"collection":[{"href":"https:\/\/pancir.eu\/index.php?rest_route=\/wp\/v2\/pages"}],"about":[{"href":"https:\/\/pancir.eu\/index.php?rest_route=\/wp\/v2\/types\/page"}],"author":[{"embeddable":true,"href":"https:\/\/pancir.eu\/index.php?rest_route=\/wp\/v2\/users\/1"}],"replies":[{"embeddable":true,"href":"https:\/\/pancir.eu\/index.php?rest_route=%2Fwp%2Fv2%2Fcomments&post=10"}],"version-history":[{"count":7,"href":"https:\/\/pancir.eu\/index.php?rest_route=\/wp\/v2\/pages\/10\/revisions"}],"predecessor-version":[{"id":75,"href":"https:\/\/pancir.eu\/index.php?rest_route=\/wp\/v2\/pages\/10\/revisions\/75"}],"wp:attachment":[{"href":"https:\/\/pancir.eu\/index.php?rest_route=%2Fwp%2Fv2%2Fmedia&parent=10"}],"curies":[{"name":"wp","href":"https:\/\/api.w.org\/{rel}","templated":true}]}}